{"id":391,"date":"2023-06-05T19:45:26","date_gmt":"2023-06-05T19:45:26","guid":{"rendered":"https:\/\/ecuadormls.ec\/?page_id=391"},"modified":"2026-01-29T12:54:16","modified_gmt":"2026-01-29T12:54:16","slug":"acerca-de","status":"publish","type":"page","link":"https:\/\/yourpropertyhere.com\/es\/acerca-de\/","title":{"rendered":"acerca de"},"content":{"rendered":"\t\t<div data-elementor-type=\"wp-page\" data-elementor-id=\"391\" class=\"elementor elementor-391 elementor-30\" data-elementor-post-type=\"page\">\n\t\t\t\t\t\t<section class=\"elementor-section elementor-top-section elementor-element elementor-element-27bbf809 elementor-section-height-min-height elementor-section-content-middle elementor-section-boxed elementor-section-height-default elementor-section-items-middle\" data-id=\"27bbf809\" data-element_type=\"section\" data-settings=\"{&quot;background_background&quot;:&quot;gradient&quot;}\">\n\t\t\t\t\t\t<div class=\"elementor-container elementor-column-gap-default\">\n\t\t\t\t\t<div class=\"elementor-column elementor-col-50 elementor-top-column elementor-element elementor-element-29461fec\" data-id=\"29461fec\" data-element_type=\"column\">\n\t\t\t<div class=\"elementor-widget-wrap elementor-element-populated\">\n\t\t\t\t\t\t<div class=\"elementor-element elementor-element-d186d7e elementor-widget__width-initial elementor-widget elementor-widget-image\" data-id=\"d186d7e\" data-element_type=\"widget\" data-widget_type=\"image.default\">\n\t\t\t\t<div class=\"elementor-widget-container\">\n\t\t\t\t\t\t\t\t\t\t\t\t\t\t\t<img fetchpriority=\"high\" decoding=\"async\" width=\"800\" height=\"408\" src=\"https:\/\/yourpropertyhere.com\/wp-content\/uploads\/2023\/06\/Your-Property-Here-Logo-2-1024x522.png\" class=\"attachment-large size-large wp-image-2512\" alt=\"\" srcset=\"https:\/\/yourpropertyhere.com\/wp-content\/uploads\/2023\/06\/Your-Property-Here-Logo-2-1024x522.png 1024w, https:\/\/yourpropertyhere.com\/wp-content\/uploads\/2023\/06\/Your-Property-Here-Logo-2-300x153.png 300w, https:\/\/yourpropertyhere.com\/wp-content\/uploads\/2023\/06\/Your-Property-Here-Logo-2-768x391.png 768w, https:\/\/yourpropertyhere.com\/wp-content\/uploads\/2023\/06\/Your-Property-Here-Logo-2.png 1270w\" sizes=\"(max-width: 800px) 100vw, 800px\" \/>\t\t\t\t\t\t\t\t\t\t\t\t\t\t\t<\/div>\n\t\t\t\t<\/div>\n\t\t\t\t\t<\/div>\n\t\t<\/div>\n\t\t\t\t<div class=\"elementor-column elementor-col-50 elementor-top-column elementor-element elementor-element-43fe76c5\" data-id=\"43fe76c5\" data-element_type=\"column\">\n\t\t\t<div class=\"elementor-widget-wrap elementor-element-populated\">\n\t\t\t\t\t\t<div class=\"elementor-element elementor-element-23c60863 elementor-nav-menu__align-end elementor-nav-menu--stretch menu-burger elementor-widget__width-initial elementor-nav-menu--dropdown-tablet elementor-nav-menu__text-align-aside elementor-nav-menu--toggle elementor-nav-menu--burger elementor-widget elementor-widget-nav-menu\" data-id=\"23c60863\" data-element_type=\"widget\" data-settings=\"{&quot;full_width&quot;:&quot;stretch&quot;,&quot;layout&quot;:&quot;horizontal&quot;,&quot;submenu_icon&quot;:{&quot;value&quot;:&quot;&lt;i class=\\&quot;fas fa-caret-down\\&quot;&gt;&lt;\\\/i&gt;&quot;,&quot;library&quot;:&quot;fa-solid&quot;},&quot;toggle&quot;:&quot;burger&quot;}\" data-widget_type=\"nav-menu.default\">\n\t\t\t\t<div class=\"elementor-widget-container\">\n\t\t\t\t\t\t\t\t<nav aria-label=\"Menu\" class=\"elementor-nav-menu--main elementor-nav-menu__container elementor-nav-menu--layout-horizontal e--pointer-underline e--animation-fade\">\n\t\t\t\t<ul id=\"menu-1-23c60863\" class=\"elementor-nav-menu\"><li class=\"menu-item menu-item-type-post_type menu-item-object-page menu-item-home menu-item-51\"><a href=\"https:\/\/yourpropertyhere.com\/home\/\" class=\"elementor-item\">Inicio<\/a><\/li>\n<li class=\"menu-item menu-item-type-post_type menu-item-object-page menu-item-50\"><a href=\"https:\/\/yourpropertyhere.com\/about-us\/\" class=\"elementor-item\">acerca de<\/a><\/li>\n<li class=\"menu-item menu-item-type-post_type menu-item-object-page menu-item-49\"><a href=\"https:\/\/yourpropertyhere.com\/why-us\/\" class=\"elementor-item\">Nuestra Visi\u00f3n<\/a><\/li>\n<li class=\"menu-item menu-item-type-post_type menu-item-object-page menu-item-1768\"><a href=\"https:\/\/yourpropertyhere.com\/business-directory\/\" class=\"elementor-item\">Directorio de empresas<\/a><\/li>\n<li class=\"menu-item menu-item-type-post_type menu-item-object-page menu-item-1538\"><a href=\"https:\/\/yourpropertyhere.com\/contact-us\/\" class=\"elementor-item\">Contacta con<\/a><\/li>\n<li class=\"menu-item-language menu-item wpml-ls-slot-4 wpml-ls-item wpml-ls-item-en wpml-ls-menu-item wpml-ls-first-item menu-item-type-wpml_ls_menu_item menu-item-object-wpml_ls_menu_item menu-item-wpml-ls-4-en\"><a href=\"https:\/\/yourpropertyhere.com\/\" title=\"Cambiar a \" class=\"elementor-item\"><img decoding=\"async\"\n            class=\"wpml-ls-flag\"\n            src=\"https:\/\/yourpropertyhere.com\/wp-content\/plugins\/sitepress-multilingual-cms\/res\/flags\/en.svg\"\n            alt=\"Ingl\u00e9s\"\n            width=24\n            height=18\n    \/><\/a><\/li>\n<li class=\"menu-item-language menu-item-language-current menu-item wpml-ls-slot-4 wpml-ls-item wpml-ls-item-es wpml-ls-current-language wpml-ls-menu-item wpml-ls-last-item menu-item-type-wpml_ls_menu_item menu-item-object-wpml_ls_menu_item menu-item-wpml-ls-4-es\"><a href=\"https:\/\/yourpropertyhere.com\/es\/\" title=\"Cambiar a \" class=\"elementor-item\"><img decoding=\"async\"\n            class=\"wpml-ls-flag\"\n            src=\"https:\/\/yourpropertyhere.com\/wp-content\/plugins\/sitepress-multilingual-cms\/res\/flags\/es.svg\"\n            alt=\"Espa\u00f1ol\"\n            width=24\n            height=18\n    \/><\/a><\/li>\n<\/ul>\t\t\t<\/nav>\n\t\t\t\t\t<div class=\"elementor-menu-toggle\" role=\"button\" tabindex=\"0\" aria-label=\"Alternar men\u00fa\" aria-expanded=\"false\">\n\t\t\t<i aria-hidden=\"true\" role=\"presentation\" class=\"elementor-menu-toggle__icon--open eicon-menu-bar\"><\/i><i aria-hidden=\"true\" role=\"presentation\" class=\"elementor-menu-toggle__icon--close eicon-close\"><\/i>\t\t<\/div>\n\t\t\t\t\t<nav class=\"elementor-nav-menu--dropdown elementor-nav-menu__container\" aria-hidden=\"true\">\n\t\t\t\t<ul id=\"menu-2-23c60863\" class=\"elementor-nav-menu\"><li class=\"menu-item menu-item-type-post_type menu-item-object-page menu-item-home menu-item-51\"><a href=\"https:\/\/yourpropertyhere.com\/home\/\" class=\"elementor-item\" tabindex=\"-1\">Inicio<\/a><\/li>\n<li class=\"menu-item menu-item-type-post_type menu-item-object-page menu-item-50\"><a href=\"https:\/\/yourpropertyhere.com\/about-us\/\" class=\"elementor-item\" tabindex=\"-1\">acerca de<\/a><\/li>\n<li class=\"menu-item menu-item-type-post_type menu-item-object-page menu-item-49\"><a href=\"https:\/\/yourpropertyhere.com\/why-us\/\" class=\"elementor-item\" tabindex=\"-1\">Nuestra Visi\u00f3n<\/a><\/li>\n<li class=\"menu-item menu-item-type-post_type menu-item-object-page menu-item-1768\"><a href=\"https:\/\/yourpropertyhere.com\/business-directory\/\" class=\"elementor-item\" tabindex=\"-1\">Directorio de empresas<\/a><\/li>\n<li class=\"menu-item menu-item-type-post_type menu-item-object-page menu-item-1538\"><a href=\"https:\/\/yourpropertyhere.com\/contact-us\/\" class=\"elementor-item\" tabindex=\"-1\">Contacta con<\/a><\/li>\n<li class=\"menu-item-language menu-item wpml-ls-slot-4 wpml-ls-item wpml-ls-item-en wpml-ls-menu-item wpml-ls-first-item menu-item-type-wpml_ls_menu_item menu-item-object-wpml_ls_menu_item menu-item-wpml-ls-4-en\"><a href=\"https:\/\/yourpropertyhere.com\/\" title=\"Cambiar a \" class=\"elementor-item\" tabindex=\"-1\"><img decoding=\"async\"\n            class=\"wpml-ls-flag\"\n            src=\"https:\/\/yourpropertyhere.com\/wp-content\/plugins\/sitepress-multilingual-cms\/res\/flags\/en.svg\"\n            alt=\"Ingl\u00e9s\"\n            width=24\n            height=18\n    \/><\/a><\/li>\n<li class=\"menu-item-language menu-item-language-current menu-item wpml-ls-slot-4 wpml-ls-item wpml-ls-item-es wpml-ls-current-language wpml-ls-menu-item wpml-ls-last-item menu-item-type-wpml_ls_menu_item menu-item-object-wpml_ls_menu_item menu-item-wpml-ls-4-es\"><a href=\"https:\/\/yourpropertyhere.com\/es\/\" title=\"Cambiar a \" class=\"elementor-item\" tabindex=\"-1\"><img decoding=\"async\"\n            class=\"wpml-ls-flag\"\n            src=\"https:\/\/yourpropertyhere.com\/wp-content\/plugins\/sitepress-multilingual-cms\/res\/flags\/es.svg\"\n            alt=\"Espa\u00f1ol\"\n            width=24\n            height=18\n    \/><\/a><\/li>\n<\/ul>\t\t\t<\/nav>\n\t\t\t\t\t\t<\/div>\n\t\t\t\t<\/div>\n\t\t\t\t\t<\/div>\n\t\t<\/div>\n\t\t\t\t\t<\/div>\n\t\t<\/section>\n\t\t\t\t<section class=\"elementor-section elementor-top-section elementor-element elementor-element-38da34c7 elementor-section-boxed elementor-section-height-default elementor-section-height-default\" data-id=\"38da34c7\" data-element_type=\"section\" data-settings=\"{&quot;background_background&quot;:&quot;classic&quot;}\">\n\t\t\t\t\t\t\t<div class=\"elementor-background-overlay\"><\/div>\n\t\t\t\t\t\t\t<div class=\"elementor-container elementor-column-gap-default\">\n\t\t\t\t\t<div class=\"elementor-column elementor-col-50 elementor-top-column elementor-element elementor-element-49df31ab\" data-id=\"49df31ab\" data-element_type=\"column\">\n\t\t\t<div class=\"elementor-widget-wrap elementor-element-populated\">\n\t\t\t\t\t\t<div class=\"elementor-element elementor-element-7ff0c6a8 elementor-widget elementor-widget-image\" data-id=\"7ff0c6a8\" data-element_type=\"widget\" data-widget_type=\"image.default\">\n\t\t\t\t<div class=\"elementor-widget-container\">\n\t\t\t\t\t\t\t\t\t\t\t\t\t\t\t<img decoding=\"async\" width=\"1432\" height=\"951\" src=\"https:\/\/yourpropertyhere.com\/wp-content\/uploads\/2026\/01\/about_us.jpg\" class=\"attachment-full size-full wp-image-2710\" alt=\"\" srcset=\"https:\/\/yourpropertyhere.com\/wp-content\/uploads\/2026\/01\/about_us.jpg 1432w, https:\/\/yourpropertyhere.com\/wp-content\/uploads\/2026\/01\/about_us-300x199.jpg 300w, https:\/\/yourpropertyhere.com\/wp-content\/uploads\/2026\/01\/about_us-1024x680.jpg 1024w, https:\/\/yourpropertyhere.com\/wp-content\/uploads\/2026\/01\/about_us-768x510.jpg 768w\" sizes=\"(max-width: 1432px) 100vw, 1432px\" \/>\t\t\t\t\t\t\t\t\t\t\t\t\t\t\t<\/div>\n\t\t\t\t<\/div>\n\t\t\t\t<div class=\"elementor-element elementor-element-39636723 elementor-grid-1 elementor-widget__width-auto elementor-absolute elementor-hidden-tablet elementor-hidden-mobile elementor-shape-rounded e-grid-align-center elementor-widget elementor-widget-social-icons\" data-id=\"39636723\" data-element_type=\"widget\" data-settings=\"{&quot;_position&quot;:&quot;absolute&quot;}\" data-widget_type=\"social-icons.default\">\n\t\t\t\t<div class=\"elementor-widget-container\">\n\t\t\t\t\t\t\t<div class=\"elementor-social-icons-wrapper elementor-grid\" role=\"list\">\n\t\t\t\t\t\t\t<span class=\"elementor-grid-item\" role=\"listitem\">\n\t\t\t\t\t<a class=\"elementor-icon elementor-social-icon elementor-social-icon- elementor-repeater-item-b99798e broken_link\" href=\"https:\/\/www.facebook.com\/profile.php?id=61551539954191\" target=\"_blank\">\n\t\t\t\t\t\t<span class=\"elementor-screen-only\"><\/span>\n\t\t\t\t\t\t<svg xmlns=\"http:\/\/www.w3.org\/2000\/svg\" width=\"17\" height=\"29\" viewBox=\"0 0 17 29\" fill=\"none\"><path d=\"M15.6667 1H11.6667C9.89856 1 8.20286 1.70238 6.95262 2.95262C5.70238 4.20286 5 5.89856 5 7.66667V11.6667H1V17H5V27.6667H10.3333V17H14.3333L15.6667 11.6667H10.3333V7.66667C10.3333 7.31304 10.4738 6.97391 10.7239 6.72386C10.9739 6.47381 11.313 6.33333 11.6667 6.33333H15.6667V1Z\" stroke=\"white\" stroke-width=\"2\" stroke-linecap=\"round\" stroke-linejoin=\"round\"><\/path><\/svg>\t\t\t\t\t<\/a>\n\t\t\t\t<\/span>\n\t\t\t\t\t\t\t<span class=\"elementor-grid-item\" role=\"listitem\">\n\t\t\t\t\t<a class=\"elementor-icon elementor-social-icon elementor-social-icon- elementor-repeater-item-04bd11b\" href=\"https:\/\/www.instagram.com\/ecuador_mls\/?fbclid=IwAR35Sq0MIBSjQ3d91zs_KLquEOwpy9Eq7EEp3nI7qaiYkLW9RQsg5Ttal34\" target=\"_blank\">\n\t\t\t\t\t\t<span class=\"elementor-screen-only\"><\/span>\n\t\t\t\t\t\t<svg xmlns=\"http:\/\/www.w3.org\/2000\/svg\" width=\"29\" height=\"30\" viewBox=\"0 0 29 30\" fill=\"none\"><path fill-rule=\"evenodd\" clip-rule=\"evenodd\" d=\"M7.66667 2.66666C4.53705 2.66666 2 5.20371 2 8.33333V21.6667C2 24.7963 4.53705 27.3333 7.66667 27.3333H21C24.1296 27.3333 26.6667 24.7963 26.6667 21.6667V8.33333C26.6667 5.20371 24.1296 2.66666 21 2.66666H7.66667ZM0 8.33333C0 4.09914 3.43248 0.666656 7.66667 0.666656H21C25.2342 0.666656 28.6667 4.09914 28.6667 8.33333V21.6667C28.6667 25.9009 25.2342 29.3333 21 29.3333H7.66667C3.43248 29.3333 0 25.9009 0 21.6667V8.33333ZM15.0269 10.6559C14.1253 10.5222 13.2045 10.6762 12.3955 11.096C11.5864 11.5158 10.9304 12.18 10.5206 12.9942C10.1108 13.8083 9.96818 14.7309 10.113 15.6308C10.2578 16.5307 10.6827 17.362 11.3272 18.0065C11.9717 18.651 12.803 19.0759 13.7028 19.2207C14.6027 19.3655 15.5254 19.2229 16.3395 18.8131C17.1537 18.4033 17.8179 17.7472 18.2376 16.9382C18.6574 16.1292 18.8114 15.2084 18.6777 14.3068C18.5414 13.3871 18.1128 12.5357 17.4554 11.8783C16.798 11.2208 15.9466 10.7923 15.0269 10.6559ZM11.4743 9.32077C12.6568 8.70723 14.0026 8.48215 15.3203 8.67756C16.6644 8.87687 17.9088 9.50321 18.8696 10.464C19.8305 11.4249 20.4568 12.6693 20.6561 14.0134C20.8515 15.3311 20.6264 16.6769 20.0129 17.8593C19.3994 19.0418 18.4286 20.0006 17.2387 20.5995C16.0488 21.1985 14.7003 21.4069 13.3851 21.1953C12.0699 20.9837 10.8549 20.3627 9.91294 19.4207C8.97098 18.4788 8.35002 17.2638 8.13838 15.9486C7.92675 14.6333 8.13521 13.2849 8.73413 12.095C9.33304 10.9051 10.2919 9.93431 11.4743 9.32077ZM21.6667 6.66666C21.1144 6.66666 20.6667 7.11438 20.6667 7.66666C20.6667 8.21895 21.1144 8.66666 21.6667 8.66666H21.6803C22.2326 8.66666 22.6803 8.21895 22.6803 7.66666C22.6803 7.11438 22.2326 6.66666 21.6803 6.66666H21.6667Z\" fill=\"white\"><\/path><\/svg>\t\t\t\t\t<\/a>\n\t\t\t\t<\/span>\n\t\t\t\t\t\t\t<span class=\"elementor-grid-item\" role=\"listitem\">\n\t\t\t\t\t<a class=\"elementor-icon elementor-social-icon elementor-social-icon- elementor-repeater-item-6a9b495\" href=\"https:\/\/www.instagram.com\/ecuador_mls\/?fbclid=IwAR35Sq0MIBSjQ3d91zs_KLquEOwpy9Eq7EEp3nI7qaiYkLW9RQsg5Ttal34\" target=\"_blank\">\n\t\t\t\t\t\t<span class=\"elementor-screen-only\"><\/span>\n\t\t\t\t\t\t<svg xmlns=\"http:\/\/www.w3.org\/2000\/svg\" width=\"800px\" height=\"800px\" viewBox=\"0 0 24 24\" id=\"Layer_1\" data-name=\"Layer 1\" fill=\"#000000\"><g id=\"SVGRepo_bgCarrier\" stroke-width=\"0\"><\/g><g id=\"SVGRepo_tracerCarrier\" stroke-linecap=\"round\" stroke-linejoin=\"round\"><\/g><g id=\"SVGRepo_iconCarrier\"><defs><style>.cls-1{fill:none;stroke:#ffffff;stroke-miterlimit:10;stroke-width:1.61px;}<\/style><\/defs><rect class=\"cls-1\" x=\"1.5\" y=\"3.41\" width=\"21\" height=\"17.18\" rx=\"3.82\"><\/rect><polygon class=\"cls-1\" points=\"15.82 12 8.18 15.82 8.18 8.18 15.82 12\"><\/polygon><\/g><\/svg>\t\t\t\t\t<\/a>\n\t\t\t\t<\/span>\n\t\t\t\t\t<\/div>\n\t\t\t\t\t\t<\/div>\n\t\t\t\t<\/div>\n\t\t\t\t\t<\/div>\n\t\t<\/div>\n\t\t\t\t<div class=\"elementor-column elementor-col-50 elementor-top-column elementor-element elementor-element-4887d67b\" data-id=\"4887d67b\" data-element_type=\"column\">\n\t\t\t<div class=\"elementor-widget-wrap elementor-element-populated\">\n\t\t\t\t\t\t<div class=\"elementor-element elementor-element-4ae90c20 elementor-invisible elementor-widget elementor-widget-heading\" data-id=\"4ae90c20\" data-element_type=\"widget\" data-settings=\"{&quot;_animation&quot;:&quot;fadeInDown&quot;,&quot;_animation_delay&quot;:100}\" data-widget_type=\"heading.default\">\n\t\t\t\t<div class=\"elementor-widget-container\">\n\t\t\t\t\t<h2 class=\"elementor-heading-title elementor-size-default\">YourPropertyHere.com<\/h2>\t\t\t\t<\/div>\n\t\t\t\t<\/div>\n\t\t\t\t<div class=\"elementor-element elementor-element-1757e505 elementor-widget-divider--view-line elementor-widget elementor-widget-divider\" data-id=\"1757e505\" data-element_type=\"widget\" data-widget_type=\"divider.default\">\n\t\t\t\t<div class=\"elementor-widget-container\">\n\t\t\t\t\t\t\t<div class=\"elementor-divider\">\n\t\t\t<span class=\"elementor-divider-separator\">\n\t\t\t\t\t\t<\/span>\n\t\t<\/div>\n\t\t\t\t\t\t<\/div>\n\t\t\t\t<\/div>\n\t\t\t\t<div class=\"elementor-element elementor-element-7d611219 elementor-widget elementor-widget-text-editor\" data-id=\"7d611219\" data-element_type=\"widget\" data-widget_type=\"text-editor.default\">\n\t\t\t\t<div class=\"elementor-widget-container\">\n\t\t\t\t\t\t\t\t\t<p><b>YourPropertyHere.com<\/b> es una plataforma inmobiliaria l\u00edder dedicada a conectar compradores, vendedores y <span style=\"font-weight: 400;\">inquilinos<\/span> en Ecuador.<\/p><p><b>En YourPropertyHere.com priorizamos la transparencia, la integridad y la satisfacci\u00f3n del cliente.<\/b><\/p><p>Aprovechamos tecnolog\u00eda y herramientas innovadoras para garantizar que nuestros usuarios tengan acceso a informaci\u00f3n precisa y confiable. Ya sea que sea un comprador por primera vez, un inversionista experimentado o <span style=\"font-weight: 400;\">inquilino<\/span> ra\u00edces, estamos comprometidos a ayudarlo a alcanzar sus objetivos inmobiliarios.<\/p>\t\t\t\t\t\t\t\t<\/div>\n\t\t\t\t<\/div>\n\t\t\t\t<div class=\"elementor-element elementor-element-b5588ca elementor-grid-1 elementor-widget__width-auto elementor-grid-mobile-5 elementor-hidden-desktop elementor-shape-rounded e-grid-align-center elementor-widget elementor-widget-social-icons\" data-id=\"b5588ca\" data-element_type=\"widget\" data-widget_type=\"social-icons.default\">\n\t\t\t\t<div class=\"elementor-widget-container\">\n\t\t\t\t\t\t\t<div class=\"elementor-social-icons-wrapper elementor-grid\" role=\"list\">\n\t\t\t\t\t\t\t<span class=\"elementor-grid-item\" role=\"listitem\">\n\t\t\t\t\t<a class=\"elementor-icon elementor-social-icon elementor-social-icon- elementor-repeater-item-b99798e broken_link\" href=\"https:\/\/www.facebook.com\/profile.php?id=61551539954191\" target=\"_blank\">\n\t\t\t\t\t\t<span class=\"elementor-screen-only\"><\/span>\n\t\t\t\t\t\t<svg xmlns=\"http:\/\/www.w3.org\/2000\/svg\" width=\"17\" height=\"29\" viewBox=\"0 0 17 29\" fill=\"none\"><path d=\"M15.6667 1H11.6667C9.89856 1 8.20286 1.70238 6.95262 2.95262C5.70238 4.20286 5 5.89856 5 7.66667V11.6667H1V17H5V27.6667H10.3333V17H14.3333L15.6667 11.6667H10.3333V7.66667C10.3333 7.31304 10.4738 6.97391 10.7239 6.72386C10.9739 6.47381 11.313 6.33333 11.6667 6.33333H15.6667V1Z\" stroke=\"white\" stroke-width=\"2\" stroke-linecap=\"round\" stroke-linejoin=\"round\"><\/path><\/svg>\t\t\t\t\t<\/a>\n\t\t\t\t<\/span>\n\t\t\t\t\t\t\t<span class=\"elementor-grid-item\" role=\"listitem\">\n\t\t\t\t\t<a class=\"elementor-icon elementor-social-icon elementor-social-icon- elementor-repeater-item-04bd11b\" href=\"https:\/\/www.instagram.com\/ecuador_mls\/?fbclid=IwAR35Sq0MIBSjQ3d91zs_KLquEOwpy9Eq7EEp3nI7qaiYkLW9RQsg5Ttal34\" target=\"_blank\">\n\t\t\t\t\t\t<span class=\"elementor-screen-only\"><\/span>\n\t\t\t\t\t\t<svg xmlns=\"http:\/\/www.w3.org\/2000\/svg\" width=\"29\" height=\"30\" viewBox=\"0 0 29 30\" fill=\"none\"><path fill-rule=\"evenodd\" clip-rule=\"evenodd\" d=\"M7.66667 2.66666C4.53705 2.66666 2 5.20371 2 8.33333V21.6667C2 24.7963 4.53705 27.3333 7.66667 27.3333H21C24.1296 27.3333 26.6667 24.7963 26.6667 21.6667V8.33333C26.6667 5.20371 24.1296 2.66666 21 2.66666H7.66667ZM0 8.33333C0 4.09914 3.43248 0.666656 7.66667 0.666656H21C25.2342 0.666656 28.6667 4.09914 28.6667 8.33333V21.6667C28.6667 25.9009 25.2342 29.3333 21 29.3333H7.66667C3.43248 29.3333 0 25.9009 0 21.6667V8.33333ZM15.0269 10.6559C14.1253 10.5222 13.2045 10.6762 12.3955 11.096C11.5864 11.5158 10.9304 12.18 10.5206 12.9942C10.1108 13.8083 9.96818 14.7309 10.113 15.6308C10.2578 16.5307 10.6827 17.362 11.3272 18.0065C11.9717 18.651 12.803 19.0759 13.7028 19.2207C14.6027 19.3655 15.5254 19.2229 16.3395 18.8131C17.1537 18.4033 17.8179 17.7472 18.2376 16.9382C18.6574 16.1292 18.8114 15.2084 18.6777 14.3068C18.5414 13.3871 18.1128 12.5357 17.4554 11.8783C16.798 11.2208 15.9466 10.7923 15.0269 10.6559ZM11.4743 9.32077C12.6568 8.70723 14.0026 8.48215 15.3203 8.67756C16.6644 8.87687 17.9088 9.50321 18.8696 10.464C19.8305 11.4249 20.4568 12.6693 20.6561 14.0134C20.8515 15.3311 20.6264 16.6769 20.0129 17.8593C19.3994 19.0418 18.4286 20.0006 17.2387 20.5995C16.0488 21.1985 14.7003 21.4069 13.3851 21.1953C12.0699 20.9837 10.8549 20.3627 9.91294 19.4207C8.97098 18.4788 8.35002 17.2638 8.13838 15.9486C7.92675 14.6333 8.13521 13.2849 8.73413 12.095C9.33304 10.9051 10.2919 9.93431 11.4743 9.32077ZM21.6667 6.66666C21.1144 6.66666 20.6667 7.11438 20.6667 7.66666C20.6667 8.21895 21.1144 8.66666 21.6667 8.66666H21.6803C22.2326 8.66666 22.6803 8.21895 22.6803 7.66666C22.6803 7.11438 22.2326 6.66666 21.6803 6.66666H21.6667Z\" fill=\"white\"><\/path><\/svg>\t\t\t\t\t<\/a>\n\t\t\t\t<\/span>\n\t\t\t\t\t\t\t<span class=\"elementor-grid-item\" role=\"listitem\">\n\t\t\t\t\t<a class=\"elementor-icon elementor-social-icon elementor-social-icon- elementor-repeater-item-dde04b8\" href=\"http:\/\/www.youtube.com\/@EcuadorMLS\/\" target=\"_blank\">\n\t\t\t\t\t\t<span class=\"elementor-screen-only\"><\/span>\n\t\t\t\t\t\t<svg xmlns=\"http:\/\/www.w3.org\/2000\/svg\" width=\"800px\" height=\"800px\" viewBox=\"0 -0.5 25 25\" fill=\"none\"><g id=\"SVGRepo_bgCarrier\" stroke-width=\"0\"><\/g><g id=\"SVGRepo_tracerCarrier\" stroke-linecap=\"round\" stroke-linejoin=\"round\"><\/g><g id=\"SVGRepo_iconCarrier\"><path fill-rule=\"evenodd\" clip-rule=\"evenodd\" d=\"M18.168 19.0028C20.4724 19.0867 22.41 17.29 22.5 14.9858V9.01982C22.41 6.71569 20.4724 4.91893 18.168 5.00282H6.832C4.52763 4.91893 2.58998 6.71569 2.5 9.01982V14.9858C2.58998 17.29 4.52763 19.0867 6.832 19.0028H18.168Z\" stroke=\"#ffffff\" stroke-width=\"1.5\" stroke-linecap=\"round\" stroke-linejoin=\"round\"><\/path><path fill-rule=\"evenodd\" clip-rule=\"evenodd\" d=\"M12.008 9.17784L15.169 11.3258C15.3738 11.4454 15.4997 11.6647 15.4997 11.9018C15.4997 12.139 15.3738 12.3583 15.169 12.4778L12.008 14.8278C11.408 15.2348 10.5 14.8878 10.5 14.2518V9.75184C10.5 9.11884 11.409 8.77084 12.008 9.17784Z\" stroke=\"#ffffff\" stroke-width=\"1.5\" stroke-linecap=\"round\" stroke-linejoin=\"round\"><\/path><\/g><\/svg>\t\t\t\t\t<\/a>\n\t\t\t\t<\/span>\n\t\t\t\t\t<\/div>\n\t\t\t\t\t\t<\/div>\n\t\t\t\t<\/div>\n\t\t\t\t\t<\/div>\n\t\t<\/div>\n\t\t\t\t\t<\/div>\n\t\t<\/section>\n\t\t\t\t<section class=\"elementor-section elementor-top-section elementor-element elementor-element-16407d4 elementor-section-content-middle elementor-section-boxed elementor-section-height-default elementor-section-height-default\" data-id=\"16407d4\" data-element_type=\"section\">\n\t\t\t\t\t\t<div class=\"elementor-container elementor-column-gap-default\">\n\t\t\t\t\t<div class=\"elementor-column elementor-col-100 elementor-top-column elementor-element elementor-element-818aadf\" data-id=\"818aadf\" data-element_type=\"column\">\n\t\t\t<div class=\"elementor-widget-wrap elementor-element-populated\">\n\t\t\t\t\t\t<div class=\"elementor-element elementor-element-a908f47 elementor-widget__width-auto elementor-widget elementor-widget-image\" data-id=\"a908f47\" data-element_type=\"widget\" data-widget_type=\"image.default\">\n\t\t\t\t<div class=\"elementor-widget-container\">\n\t\t\t\t\t\t\t\t\t\t\t\t\t\t\t\t<a href=\"https:\/\/terrasurmls.com\/\" class=\"broken_link\">\n\t\t\t\t\t\t\t<img decoding=\"async\" width=\"213\" height=\"103\" src=\"https:\/\/yourpropertyhere.com\/wp-content\/uploads\/2023\/09\/terrasur-mls-white-1.png\" class=\"attachment-full size-full wp-image-1421\" alt=\"\" \/>\t\t\t\t\t\t\t\t<\/a>\n\t\t\t\t\t\t\t\t\t\t\t\t\t\t\t<\/div>\n\t\t\t\t<\/div>\n\t\t\t\t<div class=\"elementor-element elementor-element-d90a77e elementor-widget__width-auto elementor-widget elementor-widget-image\" data-id=\"d90a77e\" data-element_type=\"widget\" data-widget_type=\"image.default\">\n\t\t\t\t<div class=\"elementor-widget-container\">\n\t\t\t\t\t\t\t\t\t\t\t\t\t\t\t\t<a href=\"https:\/\/reso.org\/\" target=\"_blank\" rel=\"nofollow\">\n\t\t\t\t\t\t\t<img loading=\"lazy\" decoding=\"async\" width=\"1010\" height=\"244\" src=\"https:\/\/yourpropertyhere.com\/wp-content\/uploads\/2023\/09\/RESO-Logo_Horizontal_White-1-1-1.png\" class=\"attachment-full size-full wp-image-1423\" alt=\"\" srcset=\"https:\/\/yourpropertyhere.com\/wp-content\/uploads\/2023\/09\/RESO-Logo_Horizontal_White-1-1-1.png 1010w, https:\/\/yourpropertyhere.com\/wp-content\/uploads\/2023\/09\/RESO-Logo_Horizontal_White-1-1-1-300x72.png 300w, https:\/\/yourpropertyhere.com\/wp-content\/uploads\/2023\/09\/RESO-Logo_Horizontal_White-1-1-1-768x186.png 768w\" sizes=\"(max-width: 1010px) 100vw, 1010px\" \/>\t\t\t\t\t\t\t\t<\/a>\n\t\t\t\t\t\t\t\t\t\t\t\t\t\t\t<\/div>\n\t\t\t\t<\/div>\n\t\t\t\t\t<\/div>\n\t\t<\/div>\n\t\t\t\t\t<\/div>\n\t\t<\/section>\n\t\t\t\t<section class=\"elementor-section elementor-top-section elementor-element elementor-element-060ff86 elementor-section-boxed elementor-section-height-default elementor-section-height-default\" data-id=\"060ff86\" data-element_type=\"section\">\n\t\t\t\t\t\t<div class=\"elementor-container elementor-column-gap-default\">\n\t\t\t\t\t<div class=\"elementor-column elementor-col-100 elementor-top-column elementor-element elementor-element-8db16a6\" data-id=\"8db16a6\" data-element_type=\"column\">\n\t\t\t<div class=\"elementor-widget-wrap\">\n\t\t\t\t\t\t\t<\/div>\n\t\t<\/div>\n\t\t\t\t\t<\/div>\n\t\t<\/section>\n\t\t\t\t<\/div>\n\t\t","protected":false},"excerpt":{"rendered":"<p>YourPropertyHere.com YourPropertyHere.com es una plataforma inmobiliaria l\u00edder dedicada a conectar compradores, vendedores y inquilinos en Ecuador. En YourPropertyHere.com priorizamos la transparencia, la integridad y la satisfacci\u00f3n del cliente. Aprovechamos tecnolog\u00eda y herramientas innovadoras para garantizar que nuestros usuarios tengan acceso a informaci\u00f3n precisa y confiable. Ya sea que sea un comprador por primera vez, un [&hellip;]<\/p>\n","protected":false},"author":1,"featured_media":0,"parent":0,"menu_order":0,"comment_status":"closed","ping_status":"closed","template":"elementor_canvas","meta":{"_monsterinsights_skip_tracking":false,"_monsterinsights_sitenote_active":false,"_monsterinsights_sitenote_note":"","_monsterinsights_sitenote_category":0,"footnotes":""},"class_list":["post-391","page","type-page","status-publish","hentry"],"aioseo_notices":[],"_links":{"self":[{"href":"https:\/\/yourpropertyhere.com\/es\/wp-json\/wp\/v2\/pages\/391","targetHints":{"allow":["GET"]}}],"collection":[{"href":"https:\/\/yourpropertyhere.com\/es\/wp-json\/wp\/v2\/pages"}],"about":[{"href":"https:\/\/yourpropertyhere.com\/es\/wp-json\/wp\/v2\/types\/page"}],"author":[{"embeddable":true,"href":"https:\/\/yourpropertyhere.com\/es\/wp-json\/wp\/v2\/users\/1"}],"replies":[{"embeddable":true,"href":"https:\/\/yourpropertyhere.com\/es\/wp-json\/wp\/v2\/comments?post=391"}],"version-history":[{"count":128,"href":"https:\/\/yourpropertyhere.com\/es\/wp-json\/wp\/v2\/pages\/391\/revisions"}],"predecessor-version":[{"id":2722,"href":"https:\/\/yourpropertyhere.com\/es\/wp-json\/wp\/v2\/pages\/391\/revisions\/2722"}],"wp:attachment":[{"href":"https:\/\/yourpropertyhere.com\/es\/wp-json\/wp\/v2\/media?parent=391"}],"curies":[{"name":"wp","href":"https:\/\/api.w.org\/{rel}","templated":true}]}}